{"id":132,"date":"2024-09-26T21:30:50","date_gmt":"2024-09-26T19:30:50","guid":{"rendered":"https:\/\/mentena.fr\/?page_id=132"},"modified":"2025-12-17T09:42:56","modified_gmt":"2025-12-17T08:42:56","slug":"marque","status":"publish","type":"page","link":"https:\/\/mentena.fr\/en\/marque\/","title":{"rendered":"Brand"},"content":{"rendered":"<div class=\"wp-block-group alignfull has-global-padding is-content-justification-center is-layout-constrained wp-container-core-group-is-layout-67769fa4 wp-block-group-is-layout-constrained\" style=\"margin-top:0;margin-bottom:0;padding-top:0px;padding-right:0px;padding-bottom:0px;padding-left:0px\">\n<div class=\"wp-block-columns alignwide are-vertically-aligned-center has-custom-marron-color has-text-color has-link-color wp-elements-5ef00767627b958f82285fc5e061eda6 is-layout-flex wp-container-core-columns-is-layout-e29f31f6 wp-block-columns-is-layout-flex\" style=\"margin-top:0;margin-bottom:0\">\n<div class=\"wp-block-column is-vertically-aligned-center is-layout-flow wp-block-column-is-layout-flow\" style=\"flex-basis:40%\">\n<figure class=\"wp-block-image size-full\"><img data-recalc-dims=\"1\" loading=\"lazy\" decoding=\"async\" width=\"5000\" height=\"3750\" data-attachment-id=\"3482\" data-permalink=\"https:\/\/mentena.fr\/en\/carton-etiquette\/\" data-orig-file=\"https:\/\/i0.wp.com\/mentena.fr\/wp-content\/uploads\/2025\/12\/Carton-Etiquette.png?fit=5000%2C3750&amp;ssl=1\" data-orig-size=\"5000,3750\" data-comments-opened=\"0\" data-image-meta=\"{&quot;aperture&quot;:&quot;0&quot;,&quot;credit&quot;:&quot;&quot;,&quot;camera&quot;:&quot;&quot;,&quot;caption&quot;:&quot;&quot;,&quot;created_timestamp&quot;:&quot;0&quot;,&quot;copyright&quot;:&quot;&quot;,&quot;focal_length&quot;:&quot;0&quot;,&quot;iso&quot;:&quot;0&quot;,&quot;shutter_speed&quot;:&quot;0&quot;,&quot;title&quot;:&quot;&quot;,&quot;orientation&quot;:&quot;0&quot;}\" data-image-title=\"Carton Etiquette\" data-image-description=\"\" data-image-caption=\"\" data-large-file=\"https:\/\/i0.wp.com\/mentena.fr\/wp-content\/uploads\/2025\/12\/Carton-Etiquette.png?fit=1024%2C768&amp;ssl=1\" src=\"https:\/\/i0.wp.com\/mentena.fr\/wp-content\/uploads\/2025\/12\/Carton-Etiquette.png?resize=5000%2C3750&#038;ssl=1\" alt=\"\" class=\"wp-image-3482\" style=\"aspect-ratio:1;object-fit:cover\" srcset=\"https:\/\/i0.wp.com\/mentena.fr\/wp-content\/uploads\/2025\/12\/Carton-Etiquette.png?w=5000&amp;ssl=1 5000w, https:\/\/i0.wp.com\/mentena.fr\/wp-content\/uploads\/2025\/12\/Carton-Etiquette.png?resize=300%2C225&amp;ssl=1 300w, https:\/\/i0.wp.com\/mentena.fr\/wp-content\/uploads\/2025\/12\/Carton-Etiquette.png?resize=1024%2C768&amp;ssl=1 1024w, https:\/\/i0.wp.com\/mentena.fr\/wp-content\/uploads\/2025\/12\/Carton-Etiquette.png?resize=768%2C576&amp;ssl=1 768w, https:\/\/i0.wp.com\/mentena.fr\/wp-content\/uploads\/2025\/12\/Carton-Etiquette.png?resize=1536%2C1152&amp;ssl=1 1536w, https:\/\/i0.wp.com\/mentena.fr\/wp-content\/uploads\/2025\/12\/Carton-Etiquette.png?resize=2048%2C1536&amp;ssl=1 2048w, https:\/\/i0.wp.com\/mentena.fr\/wp-content\/uploads\/2025\/12\/Carton-Etiquette.png?resize=16%2C12&amp;ssl=1 16w, https:\/\/i0.wp.com\/mentena.fr\/wp-content\/uploads\/2025\/12\/Carton-Etiquette.png?resize=600%2C450&amp;ssl=1 600w, https:\/\/i0.wp.com\/mentena.fr\/wp-content\/uploads\/2025\/12\/Carton-Etiquette.png?w=3000&amp;ssl=1 3000w\" sizes=\"auto, (max-width: 1000px) 100vw, 1000px\" \/><\/figure>\n<\/div>\n\n\n\n<div class=\"wp-block-column is-vertically-aligned-center is-layout-flow wp-block-column-is-layout-flow\" style=\"flex-basis:50%\">\n<p class=\"has-poppins-font-family wp-block-paragraph\" style=\"margin-right:30px;margin-bottom:0;margin-left:30px;font-size:clamp(14px, 0.875rem + ((1vw - 3.2px) * 0.104), 15px);font-style:normal;font-weight:400;letter-spacing:1px;text-transform:none\">About<\/p>\n\n\n\n<h3 class=\"wp-block-heading has-poppins-font-family\" style=\"margin-right:30px;margin-left:30px;font-size:clamp(18.959px, 1.185rem + ((1vw - 3.2px) * 1.15), 30px);font-style:normal;font-weight:200;letter-spacing:1px;text-transform:none\">OUR BRAND<\/h3>\n\n\n\n<div class=\"wp-block-group is-layout-flow wp-block-group-is-layout-flow\">\n<p class=\"has-poppins-font-family wp-block-paragraph\" style=\"margin-right:30px;margin-left:30px;font-size:clamp(14px, 0.875rem + ((1vw - 3.2px) * 0.104), 15px);font-style:normal;font-weight:300;letter-spacing:1px\">We specialise in creating jewellery made up of unique pendants that combine elegance, originality and quality. We believe that each piece should not only embellish, but also reflect the personality of its wearer. When you choose mentena, you're choosing exceptional jewellery that guarantees beauty and durability.<\/p>\n<\/div>\n<\/div>\n<\/div>\n\n\n\n<div style=\"height:150px\" aria-hidden=\"true\" class=\"wp-block-spacer\"><\/div>\n\n\n\n<div class=\"wp-block-columns alignwide are-vertically-aligned-center has-custom-marron-color has-text-color has-link-color wp-elements-7268d9e0f2abafb9b9438165a5699815 is-layout-flex wp-container-core-columns-is-layout-7a2b32ff wp-block-columns-is-layout-flex\" style=\"border-style:none;border-width:0px;border-radius:0px;margin-top:0;margin-bottom:0;padding-top:0;padding-bottom:0\">\n<div class=\"wp-block-column is-vertically-aligned-center is-layout-flow wp-block-column-is-layout-flow\" style=\"flex-basis:40%\">\n<figure class=\"wp-block-image size-full\"><img data-recalc-dims=\"1\" loading=\"lazy\" decoding=\"async\" width=\"5472\" height=\"3648\" data-attachment-id=\"1011\" data-permalink=\"https:\/\/mentena.fr\/en\/?attachment_id=1011\" data-orig-file=\"https:\/\/i0.wp.com\/mentena.fr\/wp-content\/uploads\/2024\/09\/Mailles.jpg?fit=5472%2C3648&amp;ssl=1\" data-orig-size=\"5472,3648\" data-comments-opened=\"0\" data-image-meta=\"{&quot;aperture&quot;:&quot;0&quot;,&quot;credit&quot;:&quot;&quot;,&quot;camera&quot;:&quot;&quot;,&quot;caption&quot;:&quot;&quot;,&quot;created_timestamp&quot;:&quot;0&quot;,&quot;copyright&quot;:&quot;&quot;,&quot;focal_length&quot;:&quot;0&quot;,&quot;iso&quot;:&quot;0&quot;,&quot;shutter_speed&quot;:&quot;0&quot;,&quot;title&quot;:&quot;&quot;,&quot;orientation&quot;:&quot;0&quot;}\" data-image-title=\"Mailles\" data-image-description=\"\" data-image-caption=\"\" data-large-file=\"https:\/\/i0.wp.com\/mentena.fr\/wp-content\/uploads\/2024\/09\/Mailles.jpg?fit=1024%2C683&amp;ssl=1\" src=\"https:\/\/i0.wp.com\/mentena.fr\/wp-content\/uploads\/2024\/09\/Mailles.jpg?resize=5472%2C3648&#038;ssl=1\" alt=\"Cha\u00eene en acier inoxydable dor\u00e9 sur fond blanc.\" class=\"wp-image-1011\" style=\"aspect-ratio:1;object-fit:cover\" srcset=\"https:\/\/i0.wp.com\/mentena.fr\/wp-content\/uploads\/2024\/09\/Mailles.jpg?w=5472&amp;ssl=1 5472w, https:\/\/i0.wp.com\/mentena.fr\/wp-content\/uploads\/2024\/09\/Mailles.jpg?resize=300%2C200&amp;ssl=1 300w, https:\/\/i0.wp.com\/mentena.fr\/wp-content\/uploads\/2024\/09\/Mailles.jpg?resize=1024%2C683&amp;ssl=1 1024w, https:\/\/i0.wp.com\/mentena.fr\/wp-content\/uploads\/2024\/09\/Mailles.jpg?resize=768%2C512&amp;ssl=1 768w, https:\/\/i0.wp.com\/mentena.fr\/wp-content\/uploads\/2024\/09\/Mailles.jpg?resize=1536%2C1024&amp;ssl=1 1536w, https:\/\/i0.wp.com\/mentena.fr\/wp-content\/uploads\/2024\/09\/Mailles.jpg?resize=2048%2C1365&amp;ssl=1 2048w, https:\/\/i0.wp.com\/mentena.fr\/wp-content\/uploads\/2024\/09\/Mailles.jpg?resize=1200%2C800&amp;ssl=1 1200w, https:\/\/i0.wp.com\/mentena.fr\/wp-content\/uploads\/2024\/09\/Mailles.jpg?resize=600%2C400&amp;ssl=1 600w, https:\/\/i0.wp.com\/mentena.fr\/wp-content\/uploads\/2024\/09\/Mailles.jpg?w=3000&amp;ssl=1 3000w\" sizes=\"auto, (max-width: 1000px) 100vw, 1000px\" \/><\/figure>\n<\/div>\n\n\n\n<div class=\"wp-block-column is-vertically-aligned-center is-layout-flow wp-block-column-is-layout-flow\" style=\"flex-basis:50%\">\n<p class=\"has-poppins-font-family wp-block-paragraph\" style=\"margin-top:30px;margin-right:30px;margin-left:30px;font-size:clamp(14px, 0.875rem + ((1vw - 3.2px) * 0.104), 15px);font-style:normal;font-weight:400;letter-spacing:1px;text-transform:none\">About<\/p>\n\n\n\n<h3 class=\"wp-block-heading has-poppins-font-family\" style=\"margin-right:30px;margin-left:30px;font-size:clamp(18.959px, 1.185rem + ((1vw - 3.2px) * 1.15), 30px);font-style:normal;font-weight:200;letter-spacing:1px;text-transform:none\">OUR PRODUCTS<\/h3>\n\n\n\n<div class=\"wp-block-group is-layout-flow wp-block-group-is-layout-flow\">\n<p class=\"has-poppins-font-family wp-block-paragraph\" style=\"margin-right:30px;margin-left:30px;font-size:clamp(14px, 0.875rem + ((1vw - 3.2px) * 0.104), 15px);font-style:normal;font-weight:300;letter-spacing:1px\">We use polymer clay to create our pendants. This modern, versatile material allows us to express our creativity to the full. The main qualities of polymer clay include its lightness, strength, softness and non-toxicity. Our manufacturing technique involves modelling the clay, followed by a firing that solidifies the material through polymerisation. The pendants are then mounted on a stainless steel chain, which is resistant to corrosion and oxidation, making it ideal for everyday use.<\/p>\n<\/div>\n<\/div>\n<\/div>\n\n\n\n<div style=\"height:150px\" aria-hidden=\"true\" class=\"wp-block-spacer\"><\/div>\n\n\n\n<div class=\"wp-block-columns alignwide are-vertically-aligned-center has-custom-marron-color has-text-color has-link-color wp-elements-d1dd09d8a3cda56c6133c85af60c19b6 is-layout-flex wp-container-core-columns-is-layout-e29f31f6 wp-block-columns-is-layout-flex\" style=\"margin-top:0;margin-bottom:0\">\n<div class=\"wp-block-column is-vertically-aligned-center is-layout-flow wp-block-column-is-layout-flow\" style=\"flex-basis:40%\">\n<figure class=\"wp-block-image size-full\"><img data-recalc-dims=\"1\" loading=\"lazy\" decoding=\"async\" width=\"5000\" height=\"3750\" data-attachment-id=\"3483\" data-permalink=\"https:\/\/mentena.fr\/en\/cahier-plat\/\" data-orig-file=\"https:\/\/i0.wp.com\/mentena.fr\/wp-content\/uploads\/2025\/12\/Cahier-Plat.jpg?fit=5000%2C3750&amp;ssl=1\" data-orig-size=\"5000,3750\" data-comments-opened=\"0\" data-image-meta=\"{&quot;aperture&quot;:&quot;0&quot;,&quot;credit&quot;:&quot;&quot;,&quot;camera&quot;:&quot;&quot;,&quot;caption&quot;:&quot;&quot;,&quot;created_timestamp&quot;:&quot;0&quot;,&quot;copyright&quot;:&quot;&quot;,&quot;focal_length&quot;:&quot;0&quot;,&quot;iso&quot;:&quot;0&quot;,&quot;shutter_speed&quot;:&quot;0&quot;,&quot;title&quot;:&quot;&quot;,&quot;orientation&quot;:&quot;0&quot;}\" data-image-title=\"Cahier Plat\" data-image-description=\"\" data-image-caption=\"\" data-large-file=\"https:\/\/i0.wp.com\/mentena.fr\/wp-content\/uploads\/2025\/12\/Cahier-Plat.jpg?fit=1024%2C768&amp;ssl=1\" src=\"https:\/\/i0.wp.com\/mentena.fr\/wp-content\/uploads\/2025\/12\/Cahier-Plat.jpg?resize=5000%2C3750&#038;ssl=1\" alt=\"\" class=\"wp-image-3483\" style=\"aspect-ratio:1;object-fit:cover\" srcset=\"https:\/\/i0.wp.com\/mentena.fr\/wp-content\/uploads\/2025\/12\/Cahier-Plat.jpg?w=5000&amp;ssl=1 5000w, https:\/\/i0.wp.com\/mentena.fr\/wp-content\/uploads\/2025\/12\/Cahier-Plat.jpg?resize=300%2C225&amp;ssl=1 300w, https:\/\/i0.wp.com\/mentena.fr\/wp-content\/uploads\/2025\/12\/Cahier-Plat.jpg?resize=1024%2C768&amp;ssl=1 1024w, https:\/\/i0.wp.com\/mentena.fr\/wp-content\/uploads\/2025\/12\/Cahier-Plat.jpg?resize=768%2C576&amp;ssl=1 768w, https:\/\/i0.wp.com\/mentena.fr\/wp-content\/uploads\/2025\/12\/Cahier-Plat.jpg?resize=1536%2C1152&amp;ssl=1 1536w, https:\/\/i0.wp.com\/mentena.fr\/wp-content\/uploads\/2025\/12\/Cahier-Plat.jpg?resize=2048%2C1536&amp;ssl=1 2048w, https:\/\/i0.wp.com\/mentena.fr\/wp-content\/uploads\/2025\/12\/Cahier-Plat.jpg?resize=16%2C12&amp;ssl=1 16w, https:\/\/i0.wp.com\/mentena.fr\/wp-content\/uploads\/2025\/12\/Cahier-Plat.jpg?resize=600%2C450&amp;ssl=1 600w, https:\/\/i0.wp.com\/mentena.fr\/wp-content\/uploads\/2025\/12\/Cahier-Plat.jpg?w=3000&amp;ssl=1 3000w\" sizes=\"auto, (max-width: 1000px) 100vw, 1000px\" \/><\/figure>\n<\/div>\n\n\n\n<div class=\"wp-block-column is-vertically-aligned-center is-layout-flow wp-block-column-is-layout-flow\" style=\"flex-basis:50%\">\n<p class=\"has-poppins-font-family wp-block-paragraph\" style=\"margin-right:30px;margin-left:30px;font-size:clamp(14px, 0.875rem + ((1vw - 3.2px) * 0.104), 15px);font-style:normal;font-weight:400;letter-spacing:1px;text-transform:none\">About<\/p>\n\n\n\n<h3 class=\"wp-block-heading has-poppins-font-family\" style=\"margin-right:30px;margin-left:30px;font-size:clamp(18.959px, 1.185rem + ((1vw - 3.2px) * 1.15), 30px);font-style:normal;font-weight:200;letter-spacing:1px;text-transform:none\">OUR STORY<\/h3>\n\n\n\n<div class=\"wp-block-group is-layout-flow wp-block-group-is-layout-flow\">\n<p class=\"has-poppins-font-family wp-block-paragraph\" style=\"margin-right:30px;margin-left:30px;font-size:clamp(14px, 0.875rem + ((1vw - 3.2px) * 0.104), 15px);font-style:normal;font-weight:300;letter-spacing:1px\">Our story begins with the discovery of polymer clay several years ago and all the possibilities this material has to offer. It was then a passion for jewellery and a feeling of great admiration for nature that inspired the creation of pendants representing the beauty of these diverse elements.<\/p>\n<\/div>\n<\/div>\n<\/div>\n\n\n\n<div style=\"height:75px\" aria-hidden=\"true\" class=\"wp-block-spacer\"><\/div>\n<\/div>","protected":false},"excerpt":{"rendered":"<p>\u00c0 propos de NOTRE MARQUE Nous sommes sp\u00e9cialis\u00e9s dans la cr\u00e9ation de bijoux compos\u00e9s de pendentifs uniques qui allient \u00e9l\u00e9gance, originalit\u00e9 et qualit\u00e9. Nous croyons que chaque pi\u00e8ce doit non seulement embellir, mais aussi refl\u00e9ter la personnalit\u00e9 de celui ou celle qui la porte. En choisissant mentena, vous optez pour des bijoux d&rsquo;exception, garantissant beaut\u00e9 [&hellip;]<\/p>\n","protected":false},"author":256056153,"featured_media":0,"parent":0,"menu_order":0,"comment_status":"closed","ping_status":"closed","template":"page-no-title","meta":{"_crdt_document":"","advanced_seo_description":"","jetpack_seo_html_title":"","jetpack_seo_noindex":false,"jetpack_post_was_ever_published":false,"footnotes":""},"class_list":["post-132","page","type-page","status-publish","hentry"],"jetpack_likes_enabled":false,"jetpack_sharing_enabled":false,"jetpack_shortlink":"https:\/\/wp.me\/Pg3ZLi-28","jetpack-related-posts":[],"_links":{"self":[{"href":"https:\/\/mentena.fr\/en\/wp-json\/wp\/v2\/pages\/132","targetHints":{"allow":["GET"]}}],"collection":[{"href":"https:\/\/mentena.fr\/en\/wp-json\/wp\/v2\/pages"}],"about":[{"href":"https:\/\/mentena.fr\/en\/wp-json\/wp\/v2\/types\/page"}],"author":[{"embeddable":true,"href":"https:\/\/mentena.fr\/en\/wp-json\/wp\/v2\/users\/256056153"}],"replies":[{"embeddable":true,"href":"https:\/\/mentena.fr\/en\/wp-json\/wp\/v2\/comments?post=132"}],"version-history":[{"count":34,"href":"https:\/\/mentena.fr\/en\/wp-json\/wp\/v2\/pages\/132\/revisions"}],"predecessor-version":[{"id":3592,"href":"https:\/\/mentena.fr\/en\/wp-json\/wp\/v2\/pages\/132\/revisions\/3592"}],"wp:attachment":[{"href":"https:\/\/mentena.fr\/en\/wp-json\/wp\/v2\/media?parent=132"}],"curies":[{"name":"wp","href":"https:\/\/api.w.org\/{rel}","templated":true}]}}